{"id":7249,"date":"2022-01-28T15:25:49","date_gmt":"2022-01-28T14:25:49","guid":{"rendered":"https:\/\/ip-camera-shop.be\/product\/hikvision-ds-pm1-o1h-we-interrupteur-mural-sans-fil-230v\/"},"modified":"2024-10-26T15:08:05","modified_gmt":"2024-10-26T14:08:05","slug":"hikvision-ds-pm1-o1h-nous","status":"publish","type":"product","link":"https:\/\/ip-camera-shop.be\/fr\/product\/hikvision-ds-pm1-o1h-nous\/","title":{"rendered":"HIKVISION &#8211; DS-PM1-O1L-WE &#8211; DS-PM1-O1H-WE Interrupteur mural sans fil 230v"},"content":{"rendered":"","protected":false},"excerpt":{"rendered":"<p>MOD\u00c8LE : HIKVISION DS-PM1-O1L-WE<br \/>\nCode barre HIKVISION EAN : 6941264076957<br \/>\nDS-PM1-O1H-WE Interrupteur mural sans fil 230v<br \/>\nLe Hikvision DS-PM1-O1H-WE est un interrupteur mural sans fil int\u00e9gr\u00e9 pour 230v. Le commutateur sans fil est pr\u00eat \u00e0 \u00eatre utilis\u00e9 dans le syst\u00e8me d&rsquo;alarme Hikvision AxPro.<\/p>\n<p>Le commutateur mural sans fil DS-PM1-O1H-WE dispose d&rsquo;une communication sans fil bidirectionnelle \u00e0 868 MHz, d&rsquo;un affichage \u00e0 LED, affiche l&rsquo;\u00e9tat de l&rsquo;appareil et l&rsquo;affichage marche\/arr\u00eat de la lecture. Le petit bo\u00eetier permet de cacher facilement l&rsquo;interrupteur. Le fonctionnement est automatique ou via l&rsquo;application, le porte-cl\u00e9s ou le clavier. Diff\u00e9rents sc\u00e9narios pour diff\u00e9rents \u00e9v\u00e9nements sont possibles. Le commutateur a une entr\u00e9e sbaotage qui peut \u00eatre utilis\u00e9e comme entr\u00e9e de zone pour l&rsquo;alarme<\/p>\n","protected":false},"featured_media":7032,"template":"","meta":{"site-sidebar-layout":"default","site-content-layout":"default","ast-global-header-display":"","ast-main-header-display":"","ast-hfb-above-header-display":"","ast-hfb-below-header-display":"","ast-hfb-mobile-header-display":"","site-post-title":"","ast-breadcrumbs-content":"","ast-featured-img":"","footer-sml-layout":"","theme-transparent-header-meta":"","adv-header-id-meta":"","stick-header-meta":"","header-above-stick-meta":"","header-main-stick-meta":"","header-below-stick-meta":""},"product_brand":[],"product_cat":[222],"product_tag":[],"class_list":{"0":"post-7249","1":"product","2":"type-product","3":"status-publish","4":"has-post-thumbnail","6":"product_cat-systeme-dalarme","7":"desktop-align-left","8":"tablet-align-left","9":"mobile-align-left","11":"first","12":"instock","13":"taxable","14":"shipping-taxable","15":"purchasable","16":"product-type-simple"},"yoast_head":"<!-- This site is optimized with the Yoast SEO plugin v27.0 - https:\/\/yoast.com\/product\/yoast-seo-wordpress\/ -->\n<title>HIKVISION - DS-PM1-O1L-WE - DS-PM1-O1H-WE Interrupteur mural sans fil 230v - Hikvision Shop<\/title>\n<meta name=\"description\" content=\"Hikvision DS-PM1-O1H-WE\" \/>\n<meta name=\"robots\" content=\"index, follow, max-snippet:-1, max-image-preview:large, max-video-preview:-1\" \/>\n<link rel=\"canonical\" href=\"https:\/\/ip-camera-shop.be\/product\/hikvision-ds-pm1-o1h-nous\/\" \/>\n<meta property=\"og:locale\" content=\"fr_FR\" \/>\n<meta property=\"og:type\" content=\"article\" \/>\n<meta property=\"og:title\" content=\"HIKVISION - DS-PM1-O1L-WE - DS-PM1-O1H-WE Interrupteur mural sans fil 230v - Hikvision Shop\" \/>\n<meta property=\"og:description\" content=\"Hikvision DS-PM1-O1H-WE\" \/>\n<meta property=\"og:url\" content=\"https:\/\/ip-camera-shop.be\/product\/hikvision-ds-pm1-o1h-nous\/\" \/>\n<meta property=\"og:site_name\" content=\"Hikvision Shop\" \/>\n<meta property=\"article:modified_time\" content=\"2024-10-26T14:08:05+00:00\" \/>\n<meta property=\"og:image\" content=\"https:\/\/ip-camera-shop.be\/wp-content\/uploads\/2022\/01\/Hikvision-DS-PM1-O1H-WE.png\" \/>\n\t<meta property=\"og:image:width\" content=\"1024\" \/>\n\t<meta property=\"og:image:height\" content=\"575\" \/>\n\t<meta property=\"og:image:type\" content=\"image\/png\" \/>\n<meta name=\"twitter:card\" content=\"summary_large_image\" \/>\n<script type=\"application\/ld+json\" class=\"yoast-schema-graph\">{\"@context\":\"https:\/\/schema.org\",\"@graph\":[{\"@type\":\"WebPage\",\"@id\":\"https:\/\/ip-camera-shop.be\/product\/hikvision-ds-pm1-o1h-nous\/\",\"url\":\"https:\/\/ip-camera-shop.be\/product\/hikvision-ds-pm1-o1h-nous\/\",\"name\":\"HIKVISION - DS-PM1-O1L-WE - DS-PM1-O1H-WE Interrupteur mural sans fil 230v - Hikvision Shop\",\"isPartOf\":{\"@id\":\"https:\/\/ip-camera-shop.be\/#website\"},\"primaryImageOfPage\":{\"@id\":\"https:\/\/ip-camera-shop.be\/product\/hikvision-ds-pm1-o1h-nous\/#primaryimage\"},\"image\":{\"@id\":\"https:\/\/ip-camera-shop.be\/product\/hikvision-ds-pm1-o1h-nous\/#primaryimage\"},\"thumbnailUrl\":\"https:\/\/ip-camera-shop.be\/wp-content\/uploads\/2022\/01\/Hikvision-DS-PM1-O1H-WE.png\",\"datePublished\":\"2022-01-28T14:25:49+00:00\",\"dateModified\":\"2024-10-26T14:08:05+00:00\",\"description\":\"Hikvision DS-PM1-O1H-WE\",\"breadcrumb\":{\"@id\":\"https:\/\/ip-camera-shop.be\/product\/hikvision-ds-pm1-o1h-nous\/#breadcrumb\"},\"inLanguage\":\"fr-FR\",\"potentialAction\":[{\"@type\":\"ReadAction\",\"target\":[\"https:\/\/ip-camera-shop.be\/product\/hikvision-ds-pm1-o1h-nous\/\"]}]},{\"@type\":\"ImageObject\",\"inLanguage\":\"fr-FR\",\"@id\":\"https:\/\/ip-camera-shop.be\/product\/hikvision-ds-pm1-o1h-nous\/#primaryimage\",\"url\":\"https:\/\/ip-camera-shop.be\/wp-content\/uploads\/2022\/01\/Hikvision-DS-PM1-O1H-WE.png\",\"contentUrl\":\"https:\/\/ip-camera-shop.be\/wp-content\/uploads\/2022\/01\/Hikvision-DS-PM1-O1H-WE.png\",\"width\":1024,\"height\":575,\"caption\":\"Hikvision DS-PM1-O1H-WE\"},{\"@type\":\"BreadcrumbList\",\"@id\":\"https:\/\/ip-camera-shop.be\/product\/hikvision-ds-pm1-o1h-nous\/#breadcrumb\",\"itemListElement\":[{\"@type\":\"ListItem\",\"position\":1,\"name\":\"Home\",\"item\":\"https:\/\/ip-camera-shop.be\/\"},{\"@type\":\"ListItem\",\"position\":2,\"name\":\"Winkel\",\"item\":\"https:\/\/ip-camera-shop.be\/home\/winkel\/\"},{\"@type\":\"ListItem\",\"position\":3,\"name\":\"HIKVISION &#8211; DS-PM1-O1L-WE &#8211; DS-PM1-O1H-WE Interrupteur mural sans fil 230v\"}]},{\"@type\":\"WebSite\",\"@id\":\"https:\/\/ip-camera-shop.be\/#website\",\"url\":\"https:\/\/ip-camera-shop.be\/\",\"name\":\"IP-camera-shop\",\"description\":\"\",\"publisher\":{\"@id\":\"https:\/\/ip-camera-shop.be\/#organization\"},\"potentialAction\":[{\"@type\":\"SearchAction\",\"target\":{\"@type\":\"EntryPoint\",\"urlTemplate\":\"https:\/\/ip-camera-shop.be\/?s={search_term_string}\"},\"query-input\":{\"@type\":\"PropertyValueSpecification\",\"valueRequired\":true,\"valueName\":\"search_term_string\"}}],\"inLanguage\":\"fr-FR\"},{\"@type\":\"Organization\",\"@id\":\"https:\/\/ip-camera-shop.be\/#organization\",\"name\":\"PCMAN BVBA\",\"url\":\"https:\/\/ip-camera-shop.be\/\",\"logo\":{\"@type\":\"ImageObject\",\"inLanguage\":\"fr-FR\",\"@id\":\"https:\/\/ip-camera-shop.be\/#\/schema\/logo\/image\/\",\"url\":\"https:\/\/ip-camera-shop.be\/wp-content\/uploads\/2022\/02\/IPCameraShop_logo.png\",\"contentUrl\":\"https:\/\/ip-camera-shop.be\/wp-content\/uploads\/2022\/02\/IPCameraShop_logo.png\",\"width\":400,\"height\":57,\"caption\":\"PCMAN BVBA\"},\"image\":{\"@id\":\"https:\/\/ip-camera-shop.be\/#\/schema\/logo\/image\/\"}}]}<\/script>\n<!-- \/ Yoast SEO plugin. -->","yoast_head_json":{"title":"HIKVISION - DS-PM1-O1L-WE - DS-PM1-O1H-WE Interrupteur mural sans fil 230v - Hikvision Shop","description":"Hikvision DS-PM1-O1H-WE","robots":{"index":"index","follow":"follow","max-snippet":"max-snippet:-1","max-image-preview":"max-image-preview:large","max-video-preview":"max-video-preview:-1"},"canonical":"https:\/\/ip-camera-shop.be\/product\/hikvision-ds-pm1-o1h-nous\/","og_locale":"fr_FR","og_type":"article","og_title":"HIKVISION - DS-PM1-O1L-WE - DS-PM1-O1H-WE Interrupteur mural sans fil 230v - Hikvision Shop","og_description":"Hikvision DS-PM1-O1H-WE","og_url":"https:\/\/ip-camera-shop.be\/product\/hikvision-ds-pm1-o1h-nous\/","og_site_name":"Hikvision Shop","article_modified_time":"2024-10-26T14:08:05+00:00","og_image":[{"width":1024,"height":575,"url":"https:\/\/ip-camera-shop.be\/wp-content\/uploads\/2022\/01\/Hikvision-DS-PM1-O1H-WE.png","type":"image\/png"}],"twitter_card":"summary_large_image","schema":{"@context":"https:\/\/schema.org","@graph":[{"@type":"WebPage","@id":"https:\/\/ip-camera-shop.be\/product\/hikvision-ds-pm1-o1h-nous\/","url":"https:\/\/ip-camera-shop.be\/product\/hikvision-ds-pm1-o1h-nous\/","name":"HIKVISION - DS-PM1-O1L-WE - DS-PM1-O1H-WE Interrupteur mural sans fil 230v - Hikvision Shop","isPartOf":{"@id":"https:\/\/ip-camera-shop.be\/#website"},"primaryImageOfPage":{"@id":"https:\/\/ip-camera-shop.be\/product\/hikvision-ds-pm1-o1h-nous\/#primaryimage"},"image":{"@id":"https:\/\/ip-camera-shop.be\/product\/hikvision-ds-pm1-o1h-nous\/#primaryimage"},"thumbnailUrl":"https:\/\/ip-camera-shop.be\/wp-content\/uploads\/2022\/01\/Hikvision-DS-PM1-O1H-WE.png","datePublished":"2022-01-28T14:25:49+00:00","dateModified":"2024-10-26T14:08:05+00:00","description":"Hikvision DS-PM1-O1H-WE","breadcrumb":{"@id":"https:\/\/ip-camera-shop.be\/product\/hikvision-ds-pm1-o1h-nous\/#breadcrumb"},"inLanguage":"fr-FR","potentialAction":[{"@type":"ReadAction","target":["https:\/\/ip-camera-shop.be\/product\/hikvision-ds-pm1-o1h-nous\/"]}]},{"@type":"ImageObject","inLanguage":"fr-FR","@id":"https:\/\/ip-camera-shop.be\/product\/hikvision-ds-pm1-o1h-nous\/#primaryimage","url":"https:\/\/ip-camera-shop.be\/wp-content\/uploads\/2022\/01\/Hikvision-DS-PM1-O1H-WE.png","contentUrl":"https:\/\/ip-camera-shop.be\/wp-content\/uploads\/2022\/01\/Hikvision-DS-PM1-O1H-WE.png","width":1024,"height":575,"caption":"Hikvision DS-PM1-O1H-WE"},{"@type":"BreadcrumbList","@id":"https:\/\/ip-camera-shop.be\/product\/hikvision-ds-pm1-o1h-nous\/#breadcrumb","itemListElement":[{"@type":"ListItem","position":1,"name":"Home","item":"https:\/\/ip-camera-shop.be\/"},{"@type":"ListItem","position":2,"name":"Winkel","item":"https:\/\/ip-camera-shop.be\/home\/winkel\/"},{"@type":"ListItem","position":3,"name":"HIKVISION &#8211; DS-PM1-O1L-WE &#8211; DS-PM1-O1H-WE Interrupteur mural sans fil 230v"}]},{"@type":"WebSite","@id":"https:\/\/ip-camera-shop.be\/#website","url":"https:\/\/ip-camera-shop.be\/","name":"IP-camera-shop","description":"","publisher":{"@id":"https:\/\/ip-camera-shop.be\/#organization"},"potentialAction":[{"@type":"SearchAction","target":{"@type":"EntryPoint","urlTemplate":"https:\/\/ip-camera-shop.be\/?s={search_term_string}"},"query-input":{"@type":"PropertyValueSpecification","valueRequired":true,"valueName":"search_term_string"}}],"inLanguage":"fr-FR"},{"@type":"Organization","@id":"https:\/\/ip-camera-shop.be\/#organization","name":"PCMAN BVBA","url":"https:\/\/ip-camera-shop.be\/","logo":{"@type":"ImageObject","inLanguage":"fr-FR","@id":"https:\/\/ip-camera-shop.be\/#\/schema\/logo\/image\/","url":"https:\/\/ip-camera-shop.be\/wp-content\/uploads\/2022\/02\/IPCameraShop_logo.png","contentUrl":"https:\/\/ip-camera-shop.be\/wp-content\/uploads\/2022\/02\/IPCameraShop_logo.png","width":400,"height":57,"caption":"PCMAN BVBA"},"image":{"@id":"https:\/\/ip-camera-shop.be\/#\/schema\/logo\/image\/"}}]}},"_links":{"self":[{"href":"https:\/\/ip-camera-shop.be\/fr\/wp-json\/wp\/v2\/product\/7249","targetHints":{"allow":["GET"]}}],"collection":[{"href":"https:\/\/ip-camera-shop.be\/fr\/wp-json\/wp\/v2\/product"}],"about":[{"href":"https:\/\/ip-camera-shop.be\/fr\/wp-json\/wp\/v2\/types\/product"}],"wp:featuredmedia":[{"embeddable":true,"href":"https:\/\/ip-camera-shop.be\/fr\/wp-json\/wp\/v2\/media\/7032"}],"wp:attachment":[{"href":"https:\/\/ip-camera-shop.be\/fr\/wp-json\/wp\/v2\/media?parent=7249"}],"wp:term":[{"taxonomy":"product_brand","embeddable":true,"href":"https:\/\/ip-camera-shop.be\/fr\/wp-json\/wp\/v2\/product_brand?post=7249"},{"taxonomy":"product_cat","embeddable":true,"href":"https:\/\/ip-camera-shop.be\/fr\/wp-json\/wp\/v2\/product_cat?post=7249"},{"taxonomy":"product_tag","embeddable":true,"href":"https:\/\/ip-camera-shop.be\/fr\/wp-json\/wp\/v2\/product_tag?post=7249"}],"curies":[{"name":"wp","href":"https:\/\/api.w.org\/{rel}","templated":true}]}}